{"id":2440,"date":"2020-08-20T12:12:28","date_gmt":"2020-08-20T12:12:28","guid":{"rendered":"https:\/\/nauvitoria.dynu.net\/sdpfp\/?page_id=2440"},"modified":"2022-10-18T07:15:17","modified_gmt":"2022-10-18T07:15:17","slug":"o-secretariado","status":"publish","type":"page","link":"https:\/\/nauvitoria.dynu.net\/sdpfp\/o-secretariado\/","title":{"rendered":"O Secretariado"},"content":{"rendered":"<p>[fusion_builder_container hundred_percent=&#8221;no&#8221; hundred_percent_height=&#8221;no&#8221; hundred_percent_height_scroll=&#8221;no&#8221; hundred_percent_height_center_content=&#8221;yes&#8221; equal_height_columns=&#8221;no&#8221; hide_on_mobile=&#8221;small-visibility,medium-visibility,large-visibility&#8221; status=&#8221;published&#8221; background_position=&#8221;center center&#8221; background_repeat=&#8221;no-repeat&#8221; fade=&#8221;no&#8221; background_parallax=&#8221;none&#8221; enable_mobile=&#8221;no&#8221; parallax_speed=&#8221;0.3&#8243; video_aspect_ratio=&#8221;16:9&#8243; video_loop=&#8221;yes&#8221; video_mute=&#8221;yes&#8221; border_style=&#8221;solid&#8221; padding_top=&#8221;0px&#8221; padding_bottom=&#8221;60px&#8221; flex_column_spacing=&#8221;0px&#8221; type=&#8221;legacy&#8221;][fusion_builder_row][fusion_builder_column type=&#8221;1_1&#8243; type=&#8221;1_1&#8243; layout=&#8221;1_1&#8243; spacing=&#8221;&#8221; center_content=&#8221;no&#8221; link=&#8221;&#8221; target=&#8221;_self&#8221; min_height=&#8221;&#8221; hide_on_mobile=&#8221;small-visibility,medium-visibility,large-visibility&#8221; class=&#8221;&#8221; id=&#8221;&#8221; background_color=&#8221;&#8221; background_image=&#8221;&#8221; background_image_id=&#8221;&#8221; background_position=&#8221;left top&#8221; background_repeat=&#8221;no-repeat&#8221; hover_type=&#8221;none&#8221; border_color=&#8221;&#8221; border_style=&#8221;solid&#8221; border_position=&#8221;all&#8221; box_shadow=&#8221;no&#8221; box_shadow_blur=&#8221;0&#8243; box_shadow_spread=&#8221;0&#8243; box_shadow_color=&#8221;&#8221; box_shadow_style=&#8221;&#8221; animation_type=&#8221;&#8221; animation_direction=&#8221;left&#8221; animation_speed=&#8221;0.3&#8243; animation_offset=&#8221;&#8221; first=&#8221;true&#8221; last=&#8221;true&#8221; border_sizes_top=&#8221;0px&#8221; border_sizes_bottom=&#8221;0px&#8221; border_sizes_left=&#8221;0px&#8221; border_sizes_right=&#8221;0px&#8221;][fusion_flip_boxes columns=&#8221;1&#8243; circle=&#8221;yes&#8221; icon_spin=&#8221;no&#8221; image_max_width=&#8221;&#8221; hide_on_mobile=&#8221;small-visibility,medium-visibility,large-visibility&#8221;][fusion_flip_box title_front=&#8221;Miss\u00e3o&#8221; title_back=&#8221; &#8221; text_front=&#8221;&#8221; background_color_front=&#8221;&#8221; title_front_color=&#8221;&#8221; text_front_color=&#8221;&#8221; background_color_back=&#8221;&#8221; title_back_color=&#8221;&#8221; text_back_color=&#8221;&#8221; border_size=&#8221;&#8221; border_color=&#8221;&#8221; border_radius=&#8221;&#8221; icon=&#8221;&#8221; icon_color=&#8221;&#8221; circle=&#8221;&#8221; circle_color=&#8221;&#8221; circle_border_color=&#8221;&#8221; icon_flip=&#8221;&#8221; icon_rotate=&#8221;&#8221; icon_spin=&#8221;&#8221; image=&#8221;&#8221; image_max_width=&#8221;&#8221; animation_offset=&#8221;&#8221; animation_type=&#8221;&#8221; animation_direction=&#8221;left&#8221; animation_speed=&#8221;0.1&#8243;]<\/p>\n<p>O Secretariado Diocesano da Pastoral Familiar, como principal dinamizador da pastoral da fam\u00edlia na Diocese do Porto, tem como miss\u00e3o, de maneira org\u00e2nica e estruturada, a evangeliza\u00e7\u00e3o da fam\u00edlia, em estreita colabora\u00e7\u00e3o com as comunidades vicariais, interparoquiais e paroquiais, movimentos da fam\u00edlia e outros Secretariados, sensibilizando, motivando, orientando e criando espa\u00e7os de forma\u00e7\u00e3o e de partilha.\u00a0Dever\u00e1 continuar a fomentar a presen\u00e7a e generosa atua\u00e7\u00e3o local da pastoral familiar, atrav\u00e9s dos seus casais de liga\u00e7\u00e3o, em todas as Vigararias, a quem cabe fazer a ponte com as estruturas pastorais locais e dinamizar a sua atua\u00e7\u00e3o em sintonia com as orienta\u00e7\u00f5es diocesanas.\u00a0Promover\u00e1 tamb\u00e9m a cria\u00e7\u00e3o de equipas paroquiais e interparoquiais e a sua articula\u00e7\u00e3o em equipas vicariais, de modo que todas as comunidades paroquiais possam beneficiar duma pastoral familiar ativa.<\/p>\n<p>[\/fusion_flip_box][\/fusion_flip_boxes][\/fusion_builder_column][\/fusion_builder_row][\/fusion_builder_container]<\/p>\n","protected":false},"excerpt":{"rendered":"<p>[fusion_builder_container hundred_percent=&#8221;no&#8221; hundred_percent_height=&#8221;no&#8221; hundred_percent_height_scroll=&#8221;no&#8221; hundred_percent_height_center_content=&#8221;yes&#8221; equal_height_columns=&#8221;no&#8221; hide_on_mobile=&#8221;small-visibility,medium-visibility,large-visibility&#8221; status=&#8221;published&#8221; background_position=&#8221;center center&#8221; background_repeat=&#8221;no-repeat&#8221; fade=&#8221;no&#8221; background_parallax=&#8221;none&#8221; enable_mobile=&#8221;no&#8221; parallax_speed=&#8221;0.3&#8243; video_aspect_ratio=&#8221;16:9&#8243; video_loop=&#8221;yes&#8221; video_mute=&#8221;yes&#8221; border_style=&#8221;solid&#8221; padding_top=&#8221;0px&#8221; padding_bottom=&#8221;60px&#8221; flex_column_spacing=&#8221;0px&#8221; type=&#8221;legacy&#8221;][fusion_builder_row][fusion_builder_column type=&#8221;1_1&#8243; type=&#8221;1_1&#8243; layout=&#8221;1_1&#8243; spacing=&#8221;&#8221; center_content=&#8221;no&#8221; link=&#8221;&#8221; target=&#8221;_self&#8221; min_height=&#8221;&#8221; hide_on_mobile=&#8221;small-visibility,medium-visibility,large-visibility&#8221; class=&#8221;&#8221; id=&#8221;&#8221; background_color=&#8221;&#8221; background_image=&#8221;&#8221; background_image_id=&#8221;&#8221; background_position=&#8221;left top&#8221; background_repeat=&#8221;no-repeat&#8221; hover_type=&#8221;none&#8221; border_color=&#8221;&#8221; border_style=&#8221;solid&#8221; border_position=&#8221;all&#8221; box_shadow=&#8221;no&#8221; box_shadow_blur=&#8221;0&#8243; box_shadow_spread=&#8221;0&#8243; box_shadow_color=&#8221;&#8221; box_shadow_style=&#8221;&#8221; animation_type=&#8221;&#8221; animation_direction=&#8221;left&#8221; animation_speed=&#8221;0.3&#8243; animation_offset=&#8221;&#8221; first=&#8221;true&#8221; last=&#8221;true&#8221; [&hellip;]<\/p>\n","protected":false},"author":1,"featured_media":0,"parent":0,"menu_order":0,"comment_status":"closed","ping_status":"closed","template":"100-width.php","meta":{"_uag_custom_page_level_css":"","footnotes":""},"class_list":["post-2440","page","type-page","status-publish","czr-hentry"],"uagb_featured_image_src":{"full":false,"thumbnail":false,"medium":false,"medium_large":false,"large":false,"1536x1536":false,"2048x2048":false,"tc-grid-full":false,"tc-grid":false,"tc-thumb":false,"slider-full":false,"slider":false},"uagb_author_info":{"display_name":"admin","author_link":"https:\/\/nauvitoria.dynu.net\/sdpfp\/author\/admin\/"},"uagb_comment_info":0,"uagb_excerpt":"[fusion_builder_container hundred_percent=&#8221;no&#8221; hundred_percent_height=&#8221;no&#8221; hundred_percent_height_scroll=&#8221;no&#8221; hundred_percent_height_center_content=&#8221;yes&#8221; equal_height_columns=&#8221;no&#8221; hide_on_mobile=&#8221;small-visibility,medium-visibility,large-visibility&#8221; status=&#8221;published&#8221; background_position=&#8221;center center&#8221; background_repeat=&#8221;no-repeat&#8221; fade=&#8221;no&#8221; background_parallax=&#8221;none&#8221; enable_mobile=&#8221;no&#8221; parallax_speed=&#8221;0.3&#8243; video_aspect_ratio=&#8221;16:9&#8243; video_loop=&#8221;yes&#8221; video_mute=&#8221;yes&#8221; border_style=&#8221;solid&#8221; padding_top=&#8221;0px&#8221; padding_bottom=&#8221;60px&#8221; flex_column_spacing=&#8221;0px&#8221; type=&#8221;legacy&#8221;][fusion_builder_row][fusion_builder_column type=&#8221;1_1&#8243; type=&#8221;1_1&#8243; layout=&#8221;1_1&#8243; spacing=&#8221;&#8221; center_content=&#8221;no&#8221; link=&#8221;&#8221; target=&#8221;_self&#8221; min_height=&#8221;&#8221; hide_on_mobile=&#8221;small-visibility,medium-visibility,large-visibility&#8221; class=&#8221;&#8221; id=&#8221;&#8221; background_color=&#8221;&#8221; background_image=&#8221;&#8221; background_image_id=&#8221;&#8221; background_position=&#8221;left top&#8221; background_repeat=&#8221;no-repeat&#8221; hover_type=&#8221;none&#8221; border_color=&#8221;&#8221; border_style=&#8221;solid&#8221; border_position=&#8221;all&#8221; box_shadow=&#8221;no&#8221; box_shadow_blur=&#8221;0&#8243; box_shadow_spread=&#8221;0&#8243; box_shadow_color=&#8221;&#8221; box_shadow_style=&#8221;&#8221; animation_type=&#8221;&#8221; animation_direction=&#8221;left&#8221; animation_speed=&#8221;0.3&#8243; animation_offset=&#8221;&#8221; first=&#8221;true&#8221; last=&#8221;true&#8221;&hellip;","_links":{"self":[{"href":"https:\/\/nauvitoria.dynu.net\/sdpfp\/wp-json\/wp\/v2\/pages\/2440"}],"collection":[{"href":"https:\/\/nauvitoria.dynu.net\/sdpfp\/wp-json\/wp\/v2\/pages"}],"about":[{"href":"https:\/\/nauvitoria.dynu.net\/sdpfp\/wp-json\/wp\/v2\/types\/page"}],"author":[{"embeddable":true,"href":"https:\/\/nauvitoria.dynu.net\/sdpfp\/wp-json\/wp\/v2\/users\/1"}],"replies":[{"embeddable":true,"href":"https:\/\/nauvitoria.dynu.net\/sdpfp\/wp-json\/wp\/v2\/comments?post=2440"}],"version-history":[{"count":19,"href":"https:\/\/nauvitoria.dynu.net\/sdpfp\/wp-json\/wp\/v2\/pages\/2440\/revisions"}],"predecessor-version":[{"id":4489,"href":"https:\/\/nauvitoria.dynu.net\/sdpfp\/wp-json\/wp\/v2\/pages\/2440\/revisions\/4489"}],"wp:attachment":[{"href":"https:\/\/nauvitoria.dynu.net\/sdpfp\/wp-json\/wp\/v2\/media?parent=2440"}],"curies":[{"name":"wp","href":"https:\/\/api.w.org\/{rel}","templated":true}]}}