{"id":3385,"date":"2020-08-20T15:49:15","date_gmt":"2020-08-20T15:49:15","guid":{"rendered":"https:\/\/nauvitoria.dynu.net\/sdpfp\/?page_id=3385"},"modified":"2023-11-13T08:42:32","modified_gmt":"2023-11-13T08:42:32","slug":"rede-de-acolhimento-familiar","status":"publish","type":"page","link":"https:\/\/nauvitoria.dynu.net\/sdpfp\/pastoral-familiar\/rede-de-acolhimento-familiar\/","title":{"rendered":"Rede de acolhimento familiar"},"content":{"rendered":"\r\n<figure class=\"wp-block-image size-full\"><img decoding=\"async\" src=\"http:\/\/nauvitoria.dynu.net\/sdpf\/wp-content\/uploads\/2023\/11\/REDE_ACOLHIMENTO.webp\" alt=\"\" class=\"wp-image-35\"\/><\/figure>\r\n\r\n\r\n\r\n<p>A Rede de Acolhimento Familiar \u00e9 apresentada pelo Bispo diocesano no documento \u201c<a href=\"http:\/\/nauvitoria.dynu.net\/sdpf\/wp-content\/uploads\/2023\/11\/RAF_apresentacao_D_Manuel.pdf\" target=\"_blank\" rel=\"noreferrer noopener\">Uma rede\u2026 de ajuda e salva\u00e7\u00e3o<\/a>\u201d.<\/p>\r\n\r\n\r\n\r\n<p>Tem como miss\u00e3o:<br>. Acolher os casais e fam\u00edlias em crise, ou apenas o c\u00f4njuge que o solicitar, e procurar caminhos para a solu\u00e7\u00e3o ou a atenua\u00e7\u00e3o dos problemas apresentados<br>. Garantir um acesso mais f\u00e1cil dos fi\u00e9is \u00e0 justi\u00e7a, proporcionando um acolhimento \u00e0s pessoas separadas tendo em vista a investiga\u00e7\u00e3o preliminar do processo matrimonial<\/p>\r\n\r\n\r\n\r\n<p>Para concretizar a sua miss\u00e3o, a Rede recorre ao di\u00e1logo com casais experientes e de s\u00f3lida forma\u00e7\u00e3o, sacerdotes e, sempre que necess\u00e1rio, com profissionais habilitados para os problemas identificados. Como contactar:<br>. Atrav\u00e9s do P\u00e1roco<br>. Pelo telefone 966 719 477<br>. Atrav\u00e9s do mail do Secretariado ou do formul\u00e1rio de contacto deste site<\/p>\r\n\r\n\r\n\r\n<p><em>Nota: a Rede n\u00e3o tem como miss\u00e3o o atendimento de situa\u00e7\u00f5es de car\u00eancia econ\u00f3mica ou de procura de emprego<\/em><\/p>\r\n","protected":false},"excerpt":{"rendered":"<p>A Rede de Acolhimento Familiar \u00e9 apresentada pelo Bispo diocesano no documento \u201cUma rede\u2026 de ajuda e salva\u00e7\u00e3o\u201d. Tem como miss\u00e3o:. Acolher os casais e fam\u00edlias em crise, ou apenas o c\u00f4njuge que o solicitar, e procurar caminhos para a solu\u00e7\u00e3o ou a atenua\u00e7\u00e3o dos problemas apresentados. Garantir um acesso mais f\u00e1cil dos fi\u00e9is \u00e0 [&hellip;]<\/p>\n","protected":false},"author":1,"featured_media":0,"parent":3673,"menu_order":0,"comment_status":"closed","ping_status":"closed","template":"","meta":{"_uag_custom_page_level_css":"","footnotes":""},"class_list":["post-3385","page","type-page","status-publish","czr-hentry"],"uagb_featured_image_src":{"full":false,"thumbnail":false,"medium":false,"medium_large":false,"large":false,"1536x1536":false,"2048x2048":false,"tc-grid-full":false,"tc-grid":false,"tc-thumb":false,"slider-full":false,"slider":false},"uagb_author_info":{"display_name":"admin","author_link":"https:\/\/nauvitoria.dynu.net\/sdpfp\/author\/admin\/"},"uagb_comment_info":0,"uagb_excerpt":"A Rede de Acolhimento Familiar \u00e9 apresentada pelo Bispo diocesano no documento \u201cUma rede\u2026 de ajuda e salva\u00e7\u00e3o\u201d. Tem como miss\u00e3o:. Acolher os casais e fam\u00edlias em crise, ou apenas o c\u00f4njuge que o solicitar, e procurar caminhos para a solu\u00e7\u00e3o ou a atenua\u00e7\u00e3o dos problemas apresentados. Garantir um acesso mais f\u00e1cil dos fi\u00e9is \u00e0&hellip;","_links":{"self":[{"href":"https:\/\/nauvitoria.dynu.net\/sdpfp\/wp-json\/wp\/v2\/pages\/3385"}],"collection":[{"href":"https:\/\/nauvitoria.dynu.net\/sdpfp\/wp-json\/wp\/v2\/pages"}],"about":[{"href":"https:\/\/nauvitoria.dynu.net\/sdpfp\/wp-json\/wp\/v2\/types\/page"}],"author":[{"embeddable":true,"href":"https:\/\/nauvitoria.dynu.net\/sdpfp\/wp-json\/wp\/v2\/users\/1"}],"replies":[{"embeddable":true,"href":"https:\/\/nauvitoria.dynu.net\/sdpfp\/wp-json\/wp\/v2\/comments?post=3385"}],"version-history":[{"count":27,"href":"https:\/\/nauvitoria.dynu.net\/sdpfp\/wp-json\/wp\/v2\/pages\/3385\/revisions"}],"predecessor-version":[{"id":4618,"href":"https:\/\/nauvitoria.dynu.net\/sdpfp\/wp-json\/wp\/v2\/pages\/3385\/revisions\/4618"}],"up":[{"embeddable":true,"href":"https:\/\/nauvitoria.dynu.net\/sdpfp\/wp-json\/wp\/v2\/pages\/3673"}],"wp:attachment":[{"href":"https:\/\/nauvitoria.dynu.net\/sdpfp\/wp-json\/wp\/v2\/media?parent=3385"}],"curies":[{"name":"wp","href":"https:\/\/api.w.org\/{rel}","templated":true}]}}