{"id":3404,"date":"2020-08-20T16:17:40","date_gmt":"2020-08-20T16:17:40","guid":{"rendered":"https:\/\/nauvitoria.dynu.net\/sdpfp\/?page_id=3404"},"modified":"2023-11-13T08:43:29","modified_gmt":"2023-11-13T08:43:29","slug":"equipa-de-apoio-ao-discernimento","status":"publish","type":"page","link":"https:\/\/nauvitoria.dynu.net\/sdpfp\/pastoral-familiar\/equipa-de-apoio-ao-discernimento\/","title":{"rendered":"Equipa de apoio ao discernimento"},"content":{"rendered":"\r\n<p>O caminho da maior integra\u00e7\u00e3o dos divorciados recasados pode, em alguns casos, passar pelo acesso aos sacramentos, ap\u00f3s um\u00a0<strong>caminho de discernimento pessoal e pastoral<\/strong>, acompanhado por um sacerdote. Os divorciados que vivem numa nova uni\u00e3o encontram-se em situa\u00e7\u00f5es muito diferentes, que n\u00e3o devem ser catalogadas ou encerradas em afirma\u00e7\u00f5es demasiado r\u00edgidas, sem deixar espa\u00e7o para um adequado discernimento pessoal e pastoral. O grau de responsabilidade n\u00e3o \u00e9 igual em todos os casos, as \u201cconsequ\u00eancias ou efeitos duma norma n\u00e3o devem necessariamente ser sempre os mesmos\u201d (AL 300).<\/p>\r\n\r\n\r\n\r\n<p>A nota pastoral \u201cOrienta\u00e7\u00f5es para a pastoral familiar na diocese do Porto\u201d refere que \u201cPara ajudar os pastores na sua delicada miss\u00e3o de discernimento pessoal e pastoral, bem como aqueles que est\u00e3o em processo de discernimento, ser\u00e1 institu\u00edda uma equipa diocesana que ofere\u00e7a um aconselhamento apropriado.\u201d Esta Equipa de Apoio ao Discernimento \u00e9 constitu\u00edda por casais, sacerdotes e juristas, nomeada por provis\u00e3o do Senhor Bispo, e pode ser contactada atrav\u00e9s do mail do Secretariado.<\/p>\r\n\r\n\r\n\r\n<p>O documento \u201c<a href=\"http:\/\/nauvitoria.dynu.net\/sdpf\/wp-content\/uploads\/2023\/11\/Guiao-Igreja_na_realidade_da_familia_20200828.pdf\" target=\"_blank\" rel=\"noreferrer noopener\">Para uma nova presen\u00e7a da Igreja na realidade familiar<\/a>\u201d constitui um\u00a0<strong>gui\u00e3o de apoio<\/strong>\u00a0\u00e0s pessoas ou casais que pretendem fazer esse percurso de discernimento e aos pastores que as acompanham.<br>Esta equipa pode ser contactada atrav\u00e9s do e-mail ou telefone do SDPF.<\/p>\r\n","protected":false},"excerpt":{"rendered":"<p>O caminho da maior integra\u00e7\u00e3o dos divorciados recasados pode, em alguns casos, passar pelo acesso aos sacramentos, ap\u00f3s um\u00a0caminho de discernimento pessoal e pastoral, acompanhado por um sacerdote. Os divorciados que vivem numa nova uni\u00e3o encontram-se em situa\u00e7\u00f5es muito diferentes, que n\u00e3o devem ser catalogadas ou encerradas em afirma\u00e7\u00f5es demasiado r\u00edgidas, sem deixar espa\u00e7o para [&hellip;]<\/p>\n","protected":false},"author":1,"featured_media":0,"parent":3673,"menu_order":0,"comment_status":"closed","ping_status":"closed","template":"","meta":{"_uag_custom_page_level_css":"","footnotes":""},"class_list":["post-3404","page","type-page","status-publish","czr-hentry"],"uagb_featured_image_src":{"full":false,"thumbnail":false,"medium":false,"medium_large":false,"large":false,"1536x1536":false,"2048x2048":false,"tc-grid-full":false,"tc-grid":false,"tc-thumb":false,"slider-full":false,"slider":false},"uagb_author_info":{"display_name":"admin","author_link":"https:\/\/nauvitoria.dynu.net\/sdpfp\/author\/admin\/"},"uagb_comment_info":0,"uagb_excerpt":"O caminho da maior integra\u00e7\u00e3o dos divorciados recasados pode, em alguns casos, passar pelo acesso aos sacramentos, ap\u00f3s um\u00a0caminho de discernimento pessoal e pastoral, acompanhado por um sacerdote. Os divorciados que vivem numa nova uni\u00e3o encontram-se em situa\u00e7\u00f5es muito diferentes, que n\u00e3o devem ser catalogadas ou encerradas em afirma\u00e7\u00f5es demasiado r\u00edgidas, sem deixar espa\u00e7o para&hellip;","_links":{"self":[{"href":"https:\/\/nauvitoria.dynu.net\/sdpfp\/wp-json\/wp\/v2\/pages\/3404"}],"collection":[{"href":"https:\/\/nauvitoria.dynu.net\/sdpfp\/wp-json\/wp\/v2\/pages"}],"about":[{"href":"https:\/\/nauvitoria.dynu.net\/sdpfp\/wp-json\/wp\/v2\/types\/page"}],"author":[{"embeddable":true,"href":"https:\/\/nauvitoria.dynu.net\/sdpfp\/wp-json\/wp\/v2\/users\/1"}],"replies":[{"embeddable":true,"href":"https:\/\/nauvitoria.dynu.net\/sdpfp\/wp-json\/wp\/v2\/comments?post=3404"}],"version-history":[{"count":8,"href":"https:\/\/nauvitoria.dynu.net\/sdpfp\/wp-json\/wp\/v2\/pages\/3404\/revisions"}],"predecessor-version":[{"id":4619,"href":"https:\/\/nauvitoria.dynu.net\/sdpfp\/wp-json\/wp\/v2\/pages\/3404\/revisions\/4619"}],"up":[{"embeddable":true,"href":"https:\/\/nauvitoria.dynu.net\/sdpfp\/wp-json\/wp\/v2\/pages\/3673"}],"wp:attachment":[{"href":"https:\/\/nauvitoria.dynu.net\/sdpfp\/wp-json\/wp\/v2\/media?parent=3404"}],"curies":[{"name":"wp","href":"https:\/\/api.w.org\/{rel}","templated":true}]}}