{"id":4450,"date":"2022-08-10T11:07:49","date_gmt":"2022-08-10T11:07:49","guid":{"rendered":"https:\/\/nauvitoria.dynu.net\/sdpfp\/?page_id=4450"},"modified":"2023-11-13T15:27:05","modified_gmt":"2023-11-13T15:27:05","slug":"newsletter-2","status":"publish","type":"page","link":"https:\/\/nauvitoria.dynu.net\/sdpfp\/newsletter-2\/","title":{"rendered":"Newsletter : consulte aqui todas as novidades enviadas"},"content":{"rendered":"\n<div class=\"wp-block-columns is-layout-flex wp-container-core-columns-is-layout-1 wp-block-columns-is-layout-flex\">\n<div class=\"wp-block-column is-layout-flow wp-block-column-is-layout-flow\" style=\"flex-basis:33.33%\">\n<figure class=\"wp-block-image size-large\"><img loading=\"lazy\" decoding=\"async\" width=\"1024\" height=\"1024\" src=\"https:\/\/nauvitoria.dynu.net\/sdpfp\/wp-content\/uploads\/2022\/09\/26663-1024x1024.jpg\" alt=\"\" class=\"wp-image-4458\" srcset=\"https:\/\/nauvitoria.dynu.net\/sdpfp\/wp-content\/uploads\/2022\/09\/26663-1024x1024.jpg 1024w, https:\/\/nauvitoria.dynu.net\/sdpfp\/wp-content\/uploads\/2022\/09\/26663-300x300.jpg 300w, https:\/\/nauvitoria.dynu.net\/sdpfp\/wp-content\/uploads\/2022\/09\/26663-150x150.jpg 150w, https:\/\/nauvitoria.dynu.net\/sdpfp\/wp-content\/uploads\/2022\/09\/26663-768x768.jpg 768w, https:\/\/nauvitoria.dynu.net\/sdpfp\/wp-content\/uploads\/2022\/09\/26663-1536x1536.jpg 1536w, https:\/\/nauvitoria.dynu.net\/sdpfp\/wp-content\/uploads\/2022\/09\/26663-2048x2048.jpg 2048w, https:\/\/nauvitoria.dynu.net\/sdpfp\/wp-content\/uploads\/2022\/09\/26663-66x66.jpg 66w, https:\/\/nauvitoria.dynu.net\/sdpfp\/wp-content\/uploads\/2022\/09\/26663-200x200.jpg 200w, https:\/\/nauvitoria.dynu.net\/sdpfp\/wp-content\/uploads\/2022\/09\/26663-400x400.jpg 400w, https:\/\/nauvitoria.dynu.net\/sdpfp\/wp-content\/uploads\/2022\/09\/26663-600x600.jpg 600w, https:\/\/nauvitoria.dynu.net\/sdpfp\/wp-content\/uploads\/2022\/09\/26663-800x800.jpg 800w, https:\/\/nauvitoria.dynu.net\/sdpfp\/wp-content\/uploads\/2022\/09\/26663-1200x1200.jpg 1200w\" sizes=\"(max-width: 1024px) 100vw, 1024px\" \/><figcaption class=\"wp-element-caption\">Ainda n\u00e3o recebe a nossa newsletter?\u00a0<br>Ent\u00e3o entre em contacto connosco. <br>Veja como aqui.<\/figcaption><\/figure>\n<\/div>\n\n\n\n<div class=\"wp-block-column is-layout-flow wp-block-column-is-layout-flow\" style=\"flex-basis:66.66%\">\n<ul class=\"wp-block-list\">\n<li><a href=\"https:\/\/nauvitoria.dynu.net\/newsletter-2\/?email_id=16\">Newsletter n\u00ba 15 \u2013 Fam\u00edlias que (se) abra\u00e7am<\/a><\/li>\n\n\n\n<li><a href=\"https:\/\/nauvitoria.dynu.net\/newsletter-2\/?email_id=15\">Newsletter n\u00ba 14 &#8211; As fam\u00edlias em S\u00ednodo e em Encontro Mundial<\/a><\/li>\n\n\n\n<li><a href=\"https:\/\/nauvitoria.dynu.net\/newsletter-2\/?email_id=14\">Newsletter n\u00ba 13 &#8211; Desconfinar o cora\u00e7\u00e3o!<\/a><\/li>\n\n\n\n<li><a href=\"https:\/\/nauvitoria.dynu.net\/newsletter-2\/?email_id=13\">Newsletter n\u00ba 12 &#8211; Levantemo-nos e fa\u00e7amos caminhos novos! (corre\u00e7\u00e3o)<\/a><\/li>\n\n\n\n<li><a href=\"https:\/\/nauvitoria.dynu.net\/newsletter-2\/?email_id=12\">Newsletter n\u00ba 12 &#8211; Levantemo-nos e fa\u00e7amos caminhos novos!<\/a><\/li>\n\n\n\n<li><a href=\"https:\/\/nauvitoria.dynu.net\/newsletter-2\/?email_id=11\">F\u00e9rias? Ainda n\u00e3o, h\u00e1 muitos desafios pela frente!<\/a><\/li>\n\n\n\n<li><a href=\"https:\/\/nauvitoria.dynu.net\/newsletter-2\/?email_id=9\">Semana da Vida 2021<\/a><\/li>\n\n\n\n<li><a href=\"https:\/\/nauvitoria.dynu.net\/newsletter-2\/?email_id=8\">Come\u00e7ou o Ano &#8220;Fam\u00edlia Amoris Laetitia&#8221;<\/a><\/li>\n\n\n\n<li><a href=\"https:\/\/nauvitoria.dynu.net\/newsletter-2\/?email_id=6\">Feliz Ano 2021<\/a><\/li>\n\n\n\n<li><a href=\"https:\/\/nauvitoria.dynu.net\/newsletter-2\/?email_id=5\">Neste Natal a prenda antecipou-se!<\/a><\/li>\n<\/ul>\n<\/div>\n<\/div>\n","protected":false},"excerpt":{"rendered":"","protected":false},"author":1,"featured_media":0,"parent":0,"menu_order":0,"comment_status":"closed","ping_status":"closed","template":"","meta":{"_uag_custom_page_level_css":"","footnotes":""},"class_list":["post-4450","page","type-page","status-publish","czr-hentry"],"uagb_featured_image_src":{"full":false,"thumbnail":false,"medium":false,"medium_large":false,"large":false,"1536x1536":false,"2048x2048":false,"tc-grid-full":false,"tc-grid":false,"tc-thumb":false,"slider-full":false,"slider":false},"uagb_author_info":{"display_name":"admin","author_link":"https:\/\/nauvitoria.dynu.net\/sdpfp\/author\/admin\/"},"uagb_comment_info":0,"uagb_excerpt":null,"_links":{"self":[{"href":"https:\/\/nauvitoria.dynu.net\/sdpfp\/wp-json\/wp\/v2\/pages\/4450"}],"collection":[{"href":"https:\/\/nauvitoria.dynu.net\/sdpfp\/wp-json\/wp\/v2\/pages"}],"about":[{"href":"https:\/\/nauvitoria.dynu.net\/sdpfp\/wp-json\/wp\/v2\/types\/page"}],"author":[{"embeddable":true,"href":"https:\/\/nauvitoria.dynu.net\/sdpfp\/wp-json\/wp\/v2\/users\/1"}],"replies":[{"embeddable":true,"href":"https:\/\/nauvitoria.dynu.net\/sdpfp\/wp-json\/wp\/v2\/comments?post=4450"}],"version-history":[{"count":9,"href":"https:\/\/nauvitoria.dynu.net\/sdpfp\/wp-json\/wp\/v2\/pages\/4450\/revisions"}],"predecessor-version":[{"id":4645,"href":"https:\/\/nauvitoria.dynu.net\/sdpfp\/wp-json\/wp\/v2\/pages\/4450\/revisions\/4645"}],"wp:attachment":[{"href":"https:\/\/nauvitoria.dynu.net\/sdpfp\/wp-json\/wp\/v2\/media?parent=4450"}],"curies":[{"name":"wp","href":"https:\/\/api.w.org\/{rel}","templated":true}]}}